{"id":58,"date":"2025-12-16T12:08:05","date_gmt":"2025-12-16T12:08:05","guid":{"rendered":"https:\/\/bb-dfy-002.user.buddyboss.com\/?page_id=58"},"modified":"2026-03-28T11:24:33","modified_gmt":"2026-03-28T10:24:33","slug":"legal-refunds","status":"publish","type":"page","link":"https:\/\/staging.adio.chat\/de\/legal-refunds\/","title":{"rendered":"Erstattungs- und R\u00fcckgabebestimmungen"},"content":{"rendered":"<div data-elementor-type=\"wp-page\" data-elementor-id=\"58\" class=\"elementor elementor-58\" data-elementor-post-type=\"page\">\n\t\t\t\t\t\t<section class=\"elementor-section elementor-top-section elementor-element elementor-element-cd42691 elementor-section-boxed elementor-section-height-default elementor-section-height-default\" data-id=\"cd42691\" data-element_type=\"section\" data-e-type=\"section\" data-settings=\"{&quot;background_background&quot;:&quot;classic&quot;}\">\n\t\t\t\t\t\t<div class=\"elementor-container elementor-column-gap-wider\">\n\t\t\t\t\t<div class=\"elementor-column elementor-col-100 elementor-top-column elementor-element elementor-element-73a162e\" data-id=\"73a162e\" data-element_type=\"column\" data-e-type=\"column\">\n\t\t\t<div class=\"elementor-widget-wrap elementor-element-populated\">\n\t\t\t\t\t\t<section class=\"elementor-section elementor-inner-section elementor-element elementor-element-1bcc314 elementor-section-content-middle elementor-section-boxed elementor-section-height-default elementor-section-height-default\" data-id=\"1bcc314\" data-element_type=\"section\" data-e-type=\"section\">\n\t\t\t\t\t\t<div class=\"elementor-container elementor-column-gap-default\">\n\t\t\t\t\t<div class=\"elementor-column elementor-col-100 elementor-inner-column elementor-element elementor-element-4d404c4 elementor-invisible\" data-id=\"4d404c4\" data-element_type=\"column\" data-e-type=\"column\" data-settings=\"{&quot;animation&quot;:&quot;fadeInLeft&quot;}\">\n\t\t\t<div class=\"elementor-widget-wrap elementor-element-populated\">\n\t\t\t\t\t\t<div class=\"elementor-element elementor-element-0009dab elementor-widget elementor-widget-text-editor\" data-id=\"0009dab\" data-element_type=\"widget\" data-e-type=\"widget\" data-widget_type=\"text-editor.default\">\n\t\t\t\t<div class=\"elementor-widget-container\">\n\t\t\t\t\t<div class=\"bb-theme-elementor-wrap bb-elementor-custom-color bb-elementor-custom-family bb-elementor-custom-size bb-elementor-mobile-custom-size\">\t\t\t\t<p><strong>1. Die digitale Natur unseres Dienstes:<\/strong> ADIO.chat bietet Zugang zu einer digitalen Community-Plattform und Online-Inhalten. Es werden keine physischen Waren versandt, und die Mitgliedschaft beginnt sofort nach dem Kauf.<\/p><p><strong><br \/>2. Keine R\u00fcckgabe:<\/strong> Denn unser Produkt ist digital und der Zugang wird sofort gew\u00e4hrt, <strong>Retouren sind nicht anwendbar<\/strong>.<br \/><br \/><strong>3. Erstattungen:<\/strong> Alle Zahlungen sind <strong>nicht erstattungsf\u00e4hig<\/strong>, es sei denn, dies ist gesetzlich vorgeschrieben. Sollten Sie ein technisches Problem oder ein Problem mit der Rechnungsstellung haben (z. B. doppelte Zahlung, kein Zugang), kontaktieren Sie uns bitte innerhalb von <strong>7 Tage<\/strong> unter <strong><a href=\"mailto:support@adio.chat\">support@adio.chat<\/a><\/strong>, und wir werden das Problem umgehend pr\u00fcfen und l\u00f6sen.<br \/><br \/><strong>4. Annullierungen:<\/strong> Mitglieder k\u00f6nnen ihr Abonnement jederzeit k\u00fcndigen. Durch die K\u00fcndigung werden k\u00fcnftige Rechnungen gestoppt, fr\u00fchere Zahlungen oder ungenutzte Zeit werden jedoch nicht erstattet. Der Zugang zur Plattform bleibt bis zum Ende des aktuellen Abrechnungszeitraums erhalten.<br \/><br \/><strong>5. Einhaltung:<\/strong> Diese Politik steht im Einklang mit den geltenden <strong>digitale Waren und Verbraucherschutzvorschriften<\/strong> in der T\u00fcrkei und Nordzypern, wo CJO Consultancy Limited seinen Sitz hat.<\/p><p>Mit der Anmeldung bei ADIO.chat erkennen Sie an, dass Sie mit Ihrem Kauf sofortigen Zugang zu einem digitalen Service erhalten und dass R\u00fcckerstattungen oder R\u00fcckgaben generell <strong>nicht verf\u00fcgbar<\/strong> sobald der Zugang beginnt.<\/p>\t\t\t\t<\/div>\t\t\t\t<\/div>\n\t\t\t\t<\/div>\n\t\t\t\t\t<\/div>\n\t\t<\/div>\n\t\t\t\t\t<\/div>\n\t\t<\/section>\n\t\t\t\t\t<\/div>\n\t\t<\/div>\n\t\t\t\t\t<\/div>\n\t\t<\/section>\n\t\t\t\t<\/div>","protected":false},"excerpt":{"rendered":"<p>1. Digital Nature of Our Service: ADIO.chat provides access to a digital community platform and online content. No physical goods are shipped, and membership access&hellip;<\/p>","protected":false},"author":4,"featured_media":0,"parent":0,"menu_order":0,"comment_status":"closed","ping_status":"closed","template":"page-fullwidth.php","meta":{"_acf_changed":false,"footnotes":""},"class_list":["post-58","page","type-page","status-publish","hentry"],"acf":[],"_links":{"self":[{"href":"https:\/\/staging.adio.chat\/de\/wp-json\/wp\/v2\/pages\/58","targetHints":{"allow":["GET"]}}],"collection":[{"href":"https:\/\/staging.adio.chat\/de\/wp-json\/wp\/v2\/pages"}],"about":[{"href":"https:\/\/staging.adio.chat\/de\/wp-json\/wp\/v2\/types\/page"}],"author":[{"embeddable":true,"href":"https:\/\/staging.adio.chat\/de\/wp-json\/wp\/v2\/users\/4"}],"replies":[{"embeddable":true,"href":"https:\/\/staging.adio.chat\/de\/wp-json\/wp\/v2\/comments?post=58"}],"version-history":[{"count":0,"href":"https:\/\/staging.adio.chat\/de\/wp-json\/wp\/v2\/pages\/58\/revisions"}],"wp:attachment":[{"href":"https:\/\/staging.adio.chat\/de\/wp-json\/wp\/v2\/media?parent=58"}],"curies":[{"name":"wp","href":"https:\/\/api.w.org\/{rel}","templated":true}]}}