{"id":2,"date":"2022-07-28T11:37:39","date_gmt":"2022-07-28T11:37:39","guid":{"rendered":"https:\/\/bb-dfy-002.user.buddyboss.com\/?page_id=2"},"modified":"2026-03-07T11:58:20","modified_gmt":"2026-03-07T10:58:20","slug":"legal-privacy","status":"publish","type":"page","link":"https:\/\/staging.adio.chat\/de\/legal-privacy\/","title":{"rendered":"Datenschutzbestimmungen"},"content":{"rendered":"<div data-elementor-type=\"wp-page\" data-elementor-id=\"2\" class=\"elementor elementor-2\" data-elementor-post-type=\"page\">\n\t\t\t\t\t\t<section class=\"elementor-section elementor-top-section elementor-element elementor-element-5989173 elementor-section-full_width elementor-section-height-default elementor-section-height-default\" data-id=\"5989173\" data-element_type=\"section\" data-e-type=\"section\" data-settings=\"{&quot;background_background&quot;:&quot;classic&quot;}\">\n\t\t\t\t\t\t<div class=\"elementor-container elementor-column-gap-wider\">\n\t\t\t\t\t<div class=\"elementor-column elementor-col-100 elementor-top-column elementor-element elementor-element-d337ef7\" data-id=\"d337ef7\" data-element_type=\"column\" data-e-type=\"column\">\n\t\t\t<div class=\"elementor-widget-wrap elementor-element-populated\">\n\t\t\t\t\t\t<section class=\"elementor-section elementor-inner-section elementor-element elementor-element-a746d85 elementor-section-content-middle elementor-section-boxed elementor-section-height-default elementor-section-height-default\" data-id=\"a746d85\" data-element_type=\"section\" data-e-type=\"section\">\n\t\t\t\t\t\t<div class=\"elementor-container elementor-column-gap-default\">\n\t\t\t\t\t<div class=\"elementor-column elementor-col-100 elementor-inner-column elementor-element elementor-element-1c8f1ad elementor-invisible\" data-id=\"1c8f1ad\" data-element_type=\"column\" data-e-type=\"column\" data-settings=\"{&quot;animation&quot;:&quot;fadeInLeft&quot;}\">\n\t\t\t<div class=\"elementor-widget-wrap elementor-element-populated\">\n\t\t\t\t\t\t<div class=\"elementor-element elementor-element-c4ec081 elementor-widget elementor-widget-text-editor\" data-id=\"c4ec081\" data-element_type=\"widget\" data-e-type=\"widget\" data-widget_type=\"text-editor.default\">\n\t\t\t\t<div class=\"elementor-widget-container\">\n\t\t\t\t\t<div class=\"bb-theme-elementor-wrap bb-elementor-custom-color bb-elementor-custom-family bb-elementor-custom-size bb-elementor-mobile-custom-size\">\t\t\t\t<p>Unter <strong>ADIO.chat<\/strong>, Ihre Privatsph\u00e4re ist uns wichtig. Wir glauben, dass das, was Sie in unserer Gemeinschaft teilen, auch in unserer Gemeinschaft bleibt. Diese Datenschutzrichtlinie erkl\u00e4rt, welche Informationen wir sammeln, wie wir sie verwenden und wie wir sie sch\u00fctzen - in \u00dcbereinstimmung mit den <strong>Allgemeine Datenschutzverordnung (GDPR)<\/strong> und andere anwendbare Datenschutzgesetze.<\/p>\n<h4>Durch die Nutzung von ADIO.chat erkl\u00e4ren Sie sich mit dieser Datenschutzrichtlinie einverstanden.<\/h4>\n<h3><span style=\"color: inherit; font-family: inherit; font-size: inherit;\"><b>1. Wer wir sind<br><\/b><\/span>ADIO.chat (\u201cwir\u201d, \u201cuns\u201d, \u201cunser\u201d) ist eine private Online-Community-Plattform f\u00fcr Chiropraktiker und Chiropraktik-Studenten.<br>Wenn Sie Fragen zu dieser Datenschutzrichtlinie oder zu Ihren Daten haben, k\u00f6nnen Sie sich an uns wenden:<br><img decoding=\"async\" class=\"emoji\" role=\"img\" draggable=\"false\" src=\"https:\/\/s.w.org\/images\/core\/emoji\/17.0.2\/svg\/1f4e7.svg\" alt=\"\ud83d\udce7\"> <a href=\"mailto:support@adio.chat\" style=\"background-color: rgb(255, 255, 255);\"><strong>support@adio.chat<\/strong><\/a><strong>&nbsp;&nbsp;<\/strong><\/h3><p><strong style=\"color: inherit; font-family: inherit; font-size: inherit;\">2. Was wir sammeln (und was wir nicht sammeln)<\/strong><\/p>\n<p>Wir sind fest entschlossen <strong>minimale Datenerfassung<\/strong>.<br>Wir <strong>nicht verkaufen, vermieten oder tauschen<\/strong> Ihre Daten. Wir auch <strong>nicht verfolgen<\/strong> Sie \u00fcber andere Websites oder Anwendungen.<\/p>\n<p>Wir sammeln nur das, was f\u00fcr das reibungslose Funktionieren der Plattform notwendig ist:<\/p>\n<ul>\n<li><strong>Angaben zum Konto:<\/strong> Wenn Sie sich anmelden, erfassen wir Ihren Namen, Ihre E-Mail-Adresse und Ihren beruflichen Status (z. B. Chiropraktiker, Student).<\/li>\n<li><strong>Optionale Profilinformationen:<\/strong> Sie k\u00f6nnen Details wie den Namen Ihrer Praxis, Ihren Standort oder ein Foto hinzuf\u00fcgen - dies ist v\u00f6llig optional und nur innerhalb der Plattform sichtbar. Sie k\u00f6nnen auch eine Vielzahl von Profil-Tags ausw\u00e4hlen, die Ihnen helfen, Ihre Interessen zu identifizieren, und die von anderen in der Suchfunktion verwendet werden k\u00f6nnen, um andere mit \u00e4hnlichen Interessen zu finden. Wenn Sie es vorziehen, in der Suche nicht aufgef\u00fchrt zu werden, sollten Sie diese Funktion nicht nutzen.<\/li>\n<\/ul>\n<p><strong>Inhalte gruppieren und ver\u00f6ffentlichen:<\/strong> Alles, was Sie im ADIO.chat teilen, wird sicher gespeichert und ist nur f\u00fcr andere Mitglieder zug\u00e4nglich, die denselben Datenschutzregeln unterliegen.<\/p>\n<ol>\n<li><strong>Technische Daten:<\/strong> Wir k\u00f6nnen begrenzte technische Informationen (wie IP-Adresse und Browsertyp) sammeln, um die Sicherheit und Leistung der Plattform zu gew\u00e4hrleisten und Missbrauch zu verhindern.<\/li>\n<li><strong>Kekse:<\/strong> Es werden nur wichtige Cookies verwendet - f\u00fcr Anmeldesitzungen und grundlegende Funktionen. Es werden keine Werbe- oder Tracking-Cookies verwendet.<\/li>\n<\/ol>\n<h3><b>3. Wie wir Ihre Informationen verwenden<br><\/b>Wir verwenden Ihre Informationen ausschlie\u00dflich dazu:<\/h3>\n<ul>\n<li>Zugang zum ADIO.chat und seinen Community-Funktionen zu erm\u00f6glichen.<\/li>\n<li>Sichern Sie Ihr Konto und erm\u00f6glichen Sie die Wiederherstellung des Passworts.<\/li>\n<li>Schlagen Sie relevante Gruppen oder Inhalte vor, die Ihren Interessen entsprechen.<\/li>\n<li>Die Sicherheit der Website aufrechterhalten, Spam verhindern und einen reibungslosen Betrieb gew\u00e4hrleisten.<\/li>\n<li>Erf\u00fcllung gesetzlicher Verpflichtungen (falls jemals erforderlich).<\/li>\n<\/ul>\n<p>Wir werden <strong>niemals<\/strong> Ihre Daten ohne Ihre ausdr\u00fcckliche Zustimmung f\u00fcr Werbung, Profiling oder Marketing zu verwenden.<br><br><\/p>\n<h3><b>4. Wie wir Daten speichern und sch\u00fctzen<br><\/b>Alle Daten werden gespeichert auf <strong>sichere, verschl\u00fcsselte Server<\/strong> located within the European Union (or in equivalent jurisdictions that provide adequate data protection).We take all reasonable measures to protect your data, including encryption, limited staff access, and regular security reviews.<br>In the unlikely event of a data breach, we will notify affected users and relevant authorities within the timeframe required by GDPR<\/h3><p><strong style=\"color: inherit; font-family: inherit; font-size: inherit;\">5. Wer hat Zugang zu Ihren Daten<\/strong><\/p>\n<p>Only authorized ADIO.chat administrators and trusted technical partners (for hosting and maintenance) may access limited data necessary to run the platform. These partners are bound by strict <strong>Vertraulichkeits- und Datenschutzvereinbarungen<\/strong>.<\/p><p>Wir tun <strong>nicht<\/strong> Daten an Werbetreibende, Datenmakler oder Unternehmen der sozialen Medien weitergeben.<\/p>\n<p><strong>CRM und Kommunikationswerkzeuge<\/strong><\/p>\n<p>Um die Kommunikation mit den Mitgliedern, die Koordination von Veranstaltungen oder Plattform-Updates zu verwalten, k\u00f6nnen wir sichere Systeme von Drittanbietern verwenden (z. B. Customer Relationship Management oder E-Mail-Kommunikationstools). Diese Systeme werden nur f\u00fcr rechtm\u00e4\u00dfige Zwecke wie das Versenden von Community-Updates oder die Bearbeitung von Support-Anfragen verwendet. Jeder Partner, den wir einsetzen, ist an strenge <strong>Datenverarbeitungsvertr\u00e4ge<\/strong> und m\u00fcssen vollst\u00e4ndig mit <strong>GDPR<\/strong> und gleichwertige Datenschutzstandards.<\/p>\n<p>Wir tun <strong>nicht<\/strong> Dritten zu erlauben, Ihre Daten f\u00fcr ihre eigenen Marketing-, Analyse- oder Werbezwecke zu nutzen.<br><br><\/p>\n<h3><b>6. Wie lange wir Ihre Daten aufbewahren<br><\/b>We keep your information only for as long as your account is active or as long as required by law. If you delete your account, your personal data will be permanently removed within <strong>30 Tage<\/strong>, mit Ausnahme von minimalen Sicherungsaufzeichnungen, die f\u00fcr die Einhaltung von Rechtsvorschriften oder die Systemintegrit\u00e4t erforderlich sind.<\/h3><p><strong style=\"color: inherit; font-family: inherit; font-size: inherit;\">7. Deine Rechte<\/strong><\/p>\n<p>Nach der Datenschutz-Grundverordnung haben Sie das Recht auf:<\/p>\n<ul>\n<li>Zugang zu einer Kopie Ihrer pers\u00f6nlichen Daten.<\/li>\n<li>die Berichtigung oder L\u00f6schung Ihrer Daten beantragen.<\/li>\n<li>Sie k\u00f6nnen Ihre Einwilligung jederzeit widerrufen.<\/li>\n<li>Widerspruch gegen die Datenverarbeitung einlegen oder Daten\u00fcbertragbarkeit beantragen.<\/li>\n<\/ul>\n<p>Um diese Rechte auszu\u00fcben, kontaktieren Sie uns unter <a href=\"mailto:support@adio.chat\"><strong>support@adio.chat<\/strong><\/a>.&nbsp;<br>&nbsp;Wir werden alle Anfragen umgehend und innerhalb der gesetzlichen Fristen beantworten.<br><br><\/p>\n<h3><b>8. Privatsph\u00e4re der Kinder<br><\/b>ADIO.chat is designed for adults (chiropractors and chiropractic students aged 18+). We do not knowingly collect data from anyone under 18, nor for that reason do we expect any member to be under 18. In the event that photos or videos related to paediatric care are shared, it is imperative that the person posting those images \/ videos has explicit permission from the parent \/ legal caregiver to do so. In the event that any such image \/video incates abuse of any form, the person posting will be reported without delay to the authorities and their account immediately frozen as evidence.&nbsp;<\/h3><p><strong style=\"color: inherit; font-family: inherit; font-size: inherit;\">9. Links von Drittanbietern<\/strong><\/p>\n<p>ADIO.chat kann Links zu externen Websites oder Medien enthalten, die von Mitgliedern freigegeben wurden. Wir sind nicht verantwortlich f\u00fcr den Inhalt oder die Datenschutzpraktiken dieser Websites.<br><br><\/p>\n<h3><b>10. Aktualisierungen dieser Richtlinie<br><\/b>We may occasionally update this Privacy Policy to reflect improvements or legal requirements. Any significant changes will be clearly communicated within the platform or via email. Your continued use of ADIO.chat means you accept the updated terms.<\/h3><p><strong style=\"color: inherit; font-family: inherit; font-size: inherit;\">11. Zusammenfassung<\/strong><\/p>\n<ul>\n<li>Wir sammeln nur das N\u00f6tigste.<\/li>\n<li>Wir bewahren es sicher auf.<\/li>\n<li>Wir verkaufen es nicht.<\/li>\n<li>Wir respektieren Ihre Rechte.<\/li>\n<\/ul>\n<p>Das ist die ADIO-Methode.<\/p>\t\t\t\t<\/div>\t\t\t\t<\/div>\n\t\t\t\t<\/div>\n\t\t\t\t\t<\/div>\n\t\t<\/div>\n\t\t\t\t\t<\/div>\n\t\t<\/section>\n\t\t\t\t\t<\/div>\n\t\t<\/div>\n\t\t\t\t\t<\/div>\n\t\t<\/section>\n\t\t\t\t<\/div>","protected":false},"excerpt":{"rendered":"<p>At ADIO.chat, your privacy matters. We believe that what you share within our community stays within our community. This Privacy Policy explains what information we&hellip;<\/p>","protected":false},"author":4,"featured_media":0,"parent":0,"menu_order":0,"comment_status":"closed","ping_status":"closed","template":"page-fullwidth.php","meta":{"_acf_changed":false,"footnotes":""},"class_list":["post-2","page","type-page","status-publish","hentry"],"acf":[],"_links":{"self":[{"href":"https:\/\/staging.adio.chat\/de\/wp-json\/wp\/v2\/pages\/2","targetHints":{"allow":["GET"]}}],"collection":[{"href":"https:\/\/staging.adio.chat\/de\/wp-json\/wp\/v2\/pages"}],"about":[{"href":"https:\/\/staging.adio.chat\/de\/wp-json\/wp\/v2\/types\/page"}],"author":[{"embeddable":true,"href":"https:\/\/staging.adio.chat\/de\/wp-json\/wp\/v2\/users\/4"}],"replies":[{"embeddable":true,"href":"https:\/\/staging.adio.chat\/de\/wp-json\/wp\/v2\/comments?post=2"}],"version-history":[{"count":0,"href":"https:\/\/staging.adio.chat\/de\/wp-json\/wp\/v2\/pages\/2\/revisions"}],"wp:attachment":[{"href":"https:\/\/staging.adio.chat\/de\/wp-json\/wp\/v2\/media?parent=2"}],"curies":[{"name":"wp","href":"https:\/\/api.w.org\/{rel}","templated":true}]}}