{"id":1006,"date":"2025-11-13T17:02:53","date_gmt":"2025-11-13T17:02:53","guid":{"rendered":"https:\/\/adio.tequp.info\/?page_id=1006"},"modified":"2026-03-28T11:17:09","modified_gmt":"2026-03-28T10:17:09","slug":"legal-imprint","status":"publish","type":"page","link":"https:\/\/staging.adio.chat\/de\/legal-imprint\/","title":{"rendered":"Impressum"},"content":{"rendered":"<div data-elementor-type=\"wp-page\" data-elementor-id=\"1006\" class=\"elementor elementor-1006\" data-elementor-post-type=\"page\">\n\t\t\t\t\t\t<section class=\"elementor-section elementor-top-section elementor-element elementor-element-e8244fe elementor-section-full_width elementor-section-stretched elementor-section-height-default elementor-section-height-default\" data-id=\"e8244fe\" data-element_type=\"section\" data-e-type=\"section\" data-settings=\"{&quot;stretch_section&quot;:&quot;section-stretched&quot;,&quot;background_background&quot;:&quot;classic&quot;}\">\n\t\t\t\t\t\t<div class=\"elementor-container elementor-column-gap-wider\">\n\t\t\t\t\t<div class=\"elementor-column elementor-col-100 elementor-top-column elementor-element elementor-element-e421a44\" data-id=\"e421a44\" data-element_type=\"column\" data-e-type=\"column\">\n\t\t\t<div class=\"elementor-widget-wrap elementor-element-populated\">\n\t\t\t\t\t\t<section class=\"elementor-section elementor-inner-section elementor-element elementor-element-e59d85d elementor-section-content-middle elementor-section-boxed elementor-section-height-default elementor-section-height-default\" data-id=\"e59d85d\" data-element_type=\"section\" data-e-type=\"section\">\n\t\t\t\t\t\t<div class=\"elementor-container elementor-column-gap-default\">\n\t\t\t\t\t<div class=\"elementor-column elementor-col-100 elementor-inner-column elementor-element elementor-element-63791ec elementor-invisible\" data-id=\"63791ec\" data-element_type=\"column\" data-e-type=\"column\" data-settings=\"{&quot;animation&quot;:&quot;fadeInLeft&quot;}\">\n\t\t\t<div class=\"elementor-widget-wrap elementor-element-populated\">\n\t\t\t\t\t\t<div class=\"elementor-element elementor-element-28f3b35 elementor-widget elementor-widget-heading\" data-id=\"28f3b35\" data-element_type=\"widget\" data-e-type=\"widget\" data-widget_type=\"heading.default\">\n\t\t\t\t<div class=\"elementor-widget-container\">\n\t\t\t\t\t<h2 class=\"elementor-heading-title elementor-size-default\"><h1>Bedingungen der Dienstleistung<span style=\"font-size: 16px\"><\/span><\/h1><\/h2>\t\t\t\t<\/div>\n\t\t\t\t<\/div>\n\t\t\t\t<div class=\"elementor-element elementor-element-c50eff1 elementor-widget elementor-widget-text-editor\" data-id=\"c50eff1\" data-element_type=\"widget\" data-e-type=\"widget\" data-widget_type=\"text-editor.default\">\n\t\t\t\t<div class=\"elementor-widget-container\">\n\t\t\t\t\t<div class=\"bb-theme-elementor-wrap bb-elementor-custom-color bb-elementor-custom-family bb-elementor-custom-size bb-elementor-mobile-custom-size\">\t\t\t\t<p><strong>Betreiber\/Eigent\u00fcmer:<\/strong> Dr. Craig Osborne<br \/><strong>Name des Unternehmens:<\/strong> CJO Consultancy Limited<br \/><strong>Eingetragener Sitz:<\/strong> 26\/2 M\u00fcft\u00fc Ziyal Efendi, Arabhamet, Nikosia, Zypern<br \/><strong>E-Mail:<\/strong> <a href=\"mailto:support@adio.chat\">support@adio.chat<\/a><br \/><strong>Telefon:<\/strong> +49 151 2525 9428<br \/><strong>Land der Registrierung:<\/strong> T\u00fcrkische Republik Nordzypern<br \/><strong>Gewerbeanmeldung Nr.:<\/strong><br \/><strong>Steuer-\/Mehrwertsteuer-Nr:<\/strong><\/p><p><strong>Verantwortlich f\u00fcr den Inhalt:<\/strong><br \/>Dr. Craig Osborne<\/p><p><strong>Zweck der Website:<\/strong><br \/>ADIO.chat ist eine digitale Plattform, die f\u00fcr Chiropraktiker und Chiropraktikstudenten geschaffen wurde, um zu kommunizieren, Ressourcen auszutauschen und sich an professionellen Diskussionen zu beteiligen, die den Grunds\u00e4tzen der Wahrheit, Notwendigkeit und Freundlichkeit entsprechen.<\/p><p><strong>Hosting-Anbieter:<\/strong><br \/>Rapyd Cloud Ltd.<\/p><p><strong>Haftungsausschluss:<\/strong><br \/>Der gesamte Inhalt dieser Website dient ausschlie\u00dflich der fachlichen Diskussion und der Aufkl\u00e4rung.<br \/>Content posted by users is not moderated, ADIO.chat accepts no liability for the accuracy, completeness, or timeliness of user-generated content.<br \/>Links zu externen Websites werden aus Gr\u00fcnden der Bequemlichkeit zur Verf\u00fcgung gestellt; ADIO.chat ist f\u00fcr deren Inhalt nicht verantwortlich.<\/p><p><strong>Copyright:<\/strong><br \/>Alle Texte, Grafiken und sonstigen Materialien auf dieser Website sind durch das Urheberrecht gesch\u00fctzt. Die Vervielf\u00e4ltigung oder Verbreitung ohne vorherige schriftliche Zustimmung ist nicht gestattet.<\/p><p><strong>Kontakt:<\/strong><br \/>Bei rechtlichen Fragen oder Anfragen zu diesem Hinweis wenden Sie sich bitte per E-Mail an <strong>support@adio.chat<\/strong>.<\/p>\t\t\t\t<\/div>\t\t\t\t<\/div>\n\t\t\t\t<\/div>\n\t\t\t\t\t<\/div>\n\t\t<\/div>\n\t\t\t\t\t<\/div>\n\t\t<\/section>\n\t\t\t\t\t<\/div>\n\t\t<\/div>\n\t\t\t\t\t<\/div>\n\t\t<\/section>\n\t\t\t\t<\/div>","protected":false},"excerpt":{"rendered":"<p>Terms of Service Operator \/ Owner: Dr. Craig OsborneBusiness Name: CJO Consultancy LimitedRegistered Office: 26\/2 M\u00fcft\u00fc Ziyal Efendi, Arabhamet, Nicosia, CyprusEmail: support@adio.chatPhone: +49 151 2525&hellip;<\/p>","protected":false},"author":9,"featured_media":0,"parent":0,"menu_order":0,"comment_status":"closed","ping_status":"closed","template":"page-fullwidth.php","meta":{"_acf_changed":false,"footnotes":""},"class_list":["post-1006","page","type-page","status-publish","hentry"],"acf":[],"_links":{"self":[{"href":"https:\/\/staging.adio.chat\/de\/wp-json\/wp\/v2\/pages\/1006","targetHints":{"allow":["GET"]}}],"collection":[{"href":"https:\/\/staging.adio.chat\/de\/wp-json\/wp\/v2\/pages"}],"about":[{"href":"https:\/\/staging.adio.chat\/de\/wp-json\/wp\/v2\/types\/page"}],"author":[{"embeddable":true,"href":"https:\/\/staging.adio.chat\/de\/wp-json\/wp\/v2\/users\/9"}],"replies":[{"embeddable":true,"href":"https:\/\/staging.adio.chat\/de\/wp-json\/wp\/v2\/comments?post=1006"}],"version-history":[{"count":0,"href":"https:\/\/staging.adio.chat\/de\/wp-json\/wp\/v2\/pages\/1006\/revisions"}],"wp:attachment":[{"href":"https:\/\/staging.adio.chat\/de\/wp-json\/wp\/v2\/media?parent=1006"}],"curies":[{"name":"wp","href":"https:\/\/api.w.org\/{rel}","templated":true}]}}